{"id":71,"date":"2020-09-25T17:03:44","date_gmt":"2020-09-25T17:03:44","guid":{"rendered":"https:\/\/www.logimarca.com\/wp\/?page_id=71"},"modified":"2021-01-25T18:10:43","modified_gmt":"2021-01-25T18:10:43","slug":"mision-y-vision","status":"publish","type":"page","link":"https:\/\/www.logimarca.com\/wp\/mision-y-vision\/","title":{"rendered":"Misi\u00f3n y Visi\u00f3n"},"content":{"rendered":"\n<h2 class=\"wp-block-heading\">Misi\u00f3n de Log\u00edstica mar\u00edtima Logimar C.A<\/h2>\n\n\n\n<ul><li>Ser la compa\u00f1\u00eda de Outsourcing preferida para la administraci\u00f3n, la operaci\u00f3n, el mercadeo, las ventas y la gerencia del negocio naviero en Venezuela, proporcionando soluciones efectivas y de bajo costo basadas en la experiencia y desarrollo de su mejor activo: Nuestra gente. Adem\u00e1s de convertirse en una empresa rentable a trav\u00e9s del logro de sus objetivos a largo plazo, construir relaciones basadas en la confianza, transparencia y compromiso con sus clientes y empleados.<\/li><\/ul>\n\n\n\n<h2 class=\"wp-block-heading\">Visi\u00f3n de Log\u00edstica mar\u00edtima Logimar C.A<\/h2>\n\n\n\n<ul><li>Ser los proveedores de servicios de mayor valoraci\u00f3n y confianza de sus clientes mar\u00edtimos para el desarrollo de negocios a largo plazo.<\/li><li>Convertirse en uno de los agentes navieros l\u00edderes de Venezuela, ofreciendo servicios portuarios de calidad y de valor agregado para las ventas, administraci\u00f3n y operaci\u00f3n de negocio naviero.<\/li><li>Ofrecer servicios complementarios de dep\u00f3sitos de contenedores vac\u00edos, control de contendores y demoras, as\u00ed como de transporte intermodal en general, ofreciendo a sus clientes los m\u00e1s altos niveles de profesionalismo, transparencia, servicio y compromiso del mercado.<\/li><\/ul>\n\n\n\n<h2 class=\"wp-block-heading\">Objetivos de Log\u00edstica mar\u00edtima Logimar C.A&nbsp;<\/h2>\n\n\n\n<ul><li>Expandir Nuestra actividad y operaci\u00f3n a lo largo del pa\u00eds.<\/li><li>Implementaci\u00f3n contin\u00faa de los est\u00e1ndares internacionales en todos los procesos convirti\u00e9ndose en un aliado de empresas globales de Outsourcing en su campo.<\/li><li>Desarrollar su recurso humano para cumplir con los est\u00e1ndares internacionales de sus clientes.<\/li><li>Desarrollar su empresa para convertirse en una nueva opci\u00f3n en el mercado con altos niveles de diferenciaci\u00f3n.<\/li><\/ul>\n\n\n\n<p><\/p>\n","protected":false},"excerpt":{"rendered":"<p>Misi\u00f3n de Log\u00edstica mar\u00edtima Logimar C.A Ser la compa\u00f1\u00eda de Outsourcing preferida para la administraci\u00f3n, la operaci\u00f3n, el mercadeo, las ventas y la gerencia del negocio naviero en Venezuela, proporcionando soluciones efectivas y de bajo costo basadas en la experiencia y desarrollo de su mejor activo: Nuestra gente. Adem\u00e1s de convertirse en una empresa rentable [&hellip;]<\/p>\n","protected":false},"author":1,"featured_media":0,"parent":0,"menu_order":0,"comment_status":"closed","ping_status":"closed","template":"","meta":{"footnotes":""},"_links":{"self":[{"href":"https:\/\/www.logimarca.com\/wp\/wp-json\/wp\/v2\/pages\/71"}],"collection":[{"href":"https:\/\/www.logimarca.com\/wp\/wp-json\/wp\/v2\/pages"}],"about":[{"href":"https:\/\/www.logimarca.com\/wp\/wp-json\/wp\/v2\/types\/page"}],"author":[{"embeddable":true,"href":"https:\/\/www.logimarca.com\/wp\/wp-json\/wp\/v2\/users\/1"}],"replies":[{"embeddable":true,"href":"https:\/\/www.logimarca.com\/wp\/wp-json\/wp\/v2\/comments?post=71"}],"version-history":[{"count":9,"href":"https:\/\/www.logimarca.com\/wp\/wp-json\/wp\/v2\/pages\/71\/revisions"}],"predecessor-version":[{"id":258,"href":"https:\/\/www.logimarca.com\/wp\/wp-json\/wp\/v2\/pages\/71\/revisions\/258"}],"wp:attachment":[{"href":"https:\/\/www.logimarca.com\/wp\/wp-json\/wp\/v2\/media?parent=71"}],"curies":[{"name":"wp","href":"https:\/\/api.w.org\/{rel}","templated":true}]}}